{"id":6452,"date":"2016-03-06T14:37:44","date_gmt":"2016-03-06T14:37:44","guid":{"rendered":"http:\/\/www.balans-lapalma.com\/de\/?page_id=6452"},"modified":"2016-03-06T14:50:48","modified_gmt":"2016-03-06T14:50:48","slug":"veranstaltungen","status":"publish","type":"page","link":"https:\/\/www.balans-lapalma.com\/de\/ueber-la-palma\/veranstaltungen\/","title":{"rendered":"Veranstaltungen"},"content":{"rendered":"<p><strong>Was gibt es w\u00e4hrend Ihrem Urlaub auf La Palma zu tun?<\/strong><\/p>\n<p>Schau bitte <a href=\"http:\/\/www.la-palma-online.com\/veranstaltungen-events-la-palma\/?lang=en\" target=\"_blank\">hier<\/a> oder <a href=\"http:\/\/www.hellocanaryislands.com\/whats\" target=\"_blank\">hier<\/a> f\u00fcr die Events auf La Palma<\/p>\n<p>&nbsp;<\/p>\n<p><strong>Januar<\/strong><\/p>\n<p>01.01 Neujahrstag<\/p>\n<p>1.6 Epiphany (El D\u00eda de Reyes): 3 K\u00f6nige, eine gro\u00dfe Party auf La Palma mit Parade, Prozessionen und Feuerwerk.<\/p>\n<p><strong>Februar<\/strong><\/p>\n<p>Karneval: Der Karneval auf La Palma dauert insgesamt zwei Wochen, am Montag ist das Highlight Los Indianos in Santa Cruz de La Palma, klicken Sie <a href=\"https:\/\/youtu.be\/jD4PKZEqDhg?list=PLmBKDhElTPYDLNl-w4zYnnvRKqMcxX-Ve\" target=\"_blank\">hier<\/a>, um einen Eindruck zu bekommen<\/p>\n<p>Fiesta del Almendro en Flor: Ein Festival in Puntagorda um die Mandelbl\u00fcte und den Beginn des Fr\u00fchlings zu feiern.<\/p>\n<p><strong>M\u00e4rz<\/strong><\/p>\n<p>Ostern (Semana Santa): Verschiedene Prozessionen.<\/p>\n<p><strong>Mai<\/strong><\/p>\n<p>01\/05 Tag der Arbeit<\/p>\n<p>30\/01 D\u00eda de Canarias: Feier der Unabh\u00e4ngigkeit von Spanien.<\/p>\n<p><strong>Juni<\/strong><\/p>\n<p>Corpus Cristi: Das Festival ist Teil der religi\u00f6sen Kalender und wird auf den Inseln gefeiert. Es findet immer Ende Mai \/ Anfang Juni, zum Fest geh\u00f6ren Paraden und Veranstaltungen..<\/p>\n<p>&nbsp;<\/p>\n<p>San Antonio del Monte: San Antonio del Monte: Ein landwirtschaftliches Fest in Garaf\u00eda, wo das lokalen Vieh gesegnet wird und landwirtschaftliche Techniken demonstriert werden. Es findet jedes Jahr statt am Samstag gegen 13. Juni.<\/p>\n<p>&nbsp;<\/p>\n<p><strong>Juli<\/strong><\/p>\n<p>Bajada de la Virgen de las Nievas: Das Fest der Festen in La Palmas Hauptstadt\u00a0Santa Cruz\u00a0findet alle f\u00fcnf Jahre statt und dauert von Ende Juni bis August.<\/p>\n<p>Nuestra Se\u00f1ora del Carmen: in der zweiten Juli-H\u00e4lfte wird \u00fcber die Inseln dieses Fest zu Ehren des Schutzheiligen der Fischer gefeiert, es enth\u00e4lt viele verschiedene Arten von Veranstaltungen, Auff\u00fchrungen und Paraden.<\/p>\n<p>Jazz &amp; M\u00e1s: J\u00e4hrliches Jazzfestival<\/p>\n<p><strong>August<\/strong><\/p>\n<p>15\/08 Himmerfahrt<\/p>\n<p><strong>September<\/strong><\/p>\n<p>08\/09 Fiestas del Diablo: Das j\u00e4hrliche Festival in Tijarafe, <a href=\"https:\/\/youtu.be\/OXi0eoU5chA\" target=\"_blank\">Video<\/a><\/p>\n<p><strong>Oktober<\/strong><\/p>\n<p>12\/10 Nationalfeiertag<\/p>\n<p><strong>November<\/strong><\/p>\n<p>01\/11 Allerheilige<\/p>\n<p><strong>December<\/strong><\/p>\n<p>25\/12 Weihnachten<\/p>\n<p>28\/12 Santos Inocentes: Spanische 1. April.<\/p>\n","protected":false},"excerpt":{"rendered":"<p>Was gibt es w\u00e4hrend Ihrem Urlaub auf La Palma zu tun? Schau bitte hier oder hier f\u00fcr die Events auf &#8230;<\/p>\n","protected":false},"author":1,"featured_media":0,"parent":6428,"menu_order":0,"comment_status":"closed","ping_status":"closed","template":"","meta":{"footnotes":""},"class_list":["post-6452","page","type-page","status-publish","hentry"],"yoast_head":"<!-- This site is optimized with the Yoast SEO plugin v27.0 - https:\/\/yoast.com\/product\/yoast-seo-wordpress\/ -->\n<title>Veranstaltungen - Balans Travel La Palma<\/title>\n<meta name=\"robots\" content=\"index, follow, max-snippet:-1, max-image-preview:large, max-video-preview:-1\" \/>\n<link rel=\"canonical\" href=\"https:\/\/www.balans-lapalma.com\/de\/ueber-la-palma\/veranstaltungen\/\" \/>\n<meta property=\"og:locale\" content=\"de_DE\" \/>\n<meta property=\"og:type\" content=\"article\" \/>\n<meta property=\"og:title\" content=\"Veranstaltungen - Balans Travel La Palma\" \/>\n<meta property=\"og:description\" content=\"Was gibt es w\u00e4hrend Ihrem Urlaub auf La Palma zu tun? Schau bitte hier oder hier f\u00fcr die Events auf ...\" \/>\n<meta property=\"og:url\" content=\"https:\/\/www.balans-lapalma.com\/de\/ueber-la-palma\/veranstaltungen\/\" \/>\n<meta property=\"og:site_name\" content=\"Balans Travel La Palma\" \/>\n<meta property=\"article:publisher\" content=\"https:\/\/www.facebook.com\/BalansLaPalma\" \/>\n<meta property=\"article:modified_time\" content=\"2016-03-06T14:50:48+00:00\" \/>\n<meta name=\"twitter:card\" content=\"summary_large_image\" \/>\n<meta name=\"twitter:label1\" content=\"Gesch\u00e4tzte Lesezeit\" \/>\n\t<meta name=\"twitter:data1\" content=\"1\u00a0Minute\" \/>\n<script type=\"application\/ld+json\" class=\"yoast-schema-graph\">{\"@context\":\"https:\/\/schema.org\",\"@graph\":[{\"@type\":\"WebPage\",\"@id\":\"https:\/\/www.balans-lapalma.com\/de\/ueber-la-palma\/veranstaltungen\/\",\"url\":\"https:\/\/www.balans-lapalma.com\/de\/ueber-la-palma\/veranstaltungen\/\",\"name\":\"Veranstaltungen - Balans Travel La Palma\",\"isPartOf\":{\"@id\":\"https:\/\/www.balans-lapalma.com\/en\/#website\"},\"datePublished\":\"2016-03-06T14:37:44+00:00\",\"dateModified\":\"2016-03-06T14:50:48+00:00\",\"breadcrumb\":{\"@id\":\"https:\/\/www.balans-lapalma.com\/de\/ueber-la-palma\/veranstaltungen\/#breadcrumb\"},\"inLanguage\":\"de\",\"potentialAction\":[{\"@type\":\"ReadAction\",\"target\":[\"https:\/\/www.balans-lapalma.com\/de\/ueber-la-palma\/veranstaltungen\/\"]}]},{\"@type\":\"BreadcrumbList\",\"@id\":\"https:\/\/www.balans-lapalma.com\/de\/ueber-la-palma\/veranstaltungen\/#breadcrumb\",\"itemListElement\":[{\"@type\":\"ListItem\",\"position\":1,\"name\":\"Home\",\"item\":\"https:\/\/www.balans-lapalma.com\/de\/\"},{\"@type\":\"ListItem\",\"position\":2,\"name\":\"\u00dcber La Palma\",\"item\":\"https:\/\/www.balans-lapalma.com\/de\/ueber-la-palma\/\"},{\"@type\":\"ListItem\",\"position\":3,\"name\":\"Veranstaltungen\"}]},{\"@type\":\"WebSite\",\"@id\":\"https:\/\/www.balans-lapalma.com\/en\/#website\",\"url\":\"https:\/\/www.balans-lapalma.com\/en\/\",\"name\":\"Balans Travel La Palma\",\"description\":\"La Palma, Kanarische Inseln, Spanien\",\"publisher\":{\"@id\":\"https:\/\/www.balans-lapalma.com\/en\/#organization\"},\"potentialAction\":[{\"@type\":\"SearchAction\",\"target\":{\"@type\":\"EntryPoint\",\"urlTemplate\":\"https:\/\/www.balans-lapalma.com\/en\/?s={search_term_string}\"},\"query-input\":{\"@type\":\"PropertyValueSpecification\",\"valueRequired\":true,\"valueName\":\"search_term_string\"}}],\"inLanguage\":\"de\"},{\"@type\":\"Organization\",\"@id\":\"https:\/\/www.balans-lapalma.com\/en\/#organization\",\"name\":\"Balans Travel La Palma\",\"url\":\"https:\/\/www.balans-lapalma.com\/en\/\",\"logo\":{\"@type\":\"ImageObject\",\"inLanguage\":\"de\",\"@id\":\"https:\/\/www.balans-lapalma.com\/en\/#\/schema\/logo\/image\/\",\"url\":\"https:\/\/www.balans-lapalma.com\/wp-content\/uploads\/2015\/12\/balans-basis_2x.png\",\"contentUrl\":\"https:\/\/www.balans-lapalma.com\/wp-content\/uploads\/2015\/12\/balans-basis_2x.png\",\"width\":366,\"height\":80,\"caption\":\"Balans Travel La Palma\"},\"image\":{\"@id\":\"https:\/\/www.balans-lapalma.com\/en\/#\/schema\/logo\/image\/\"},\"sameAs\":[\"https:\/\/www.facebook.com\/BalansLaPalma\",\"https:\/\/www.instagram.com\/balanstravellapalma\/\"]}]}<\/script>\n<!-- \/ Yoast SEO plugin. -->","yoast_head_json":{"title":"Veranstaltungen - Balans Travel La Palma","robots":{"index":"index","follow":"follow","max-snippet":"max-snippet:-1","max-image-preview":"max-image-preview:large","max-video-preview":"max-video-preview:-1"},"canonical":"https:\/\/www.balans-lapalma.com\/de\/ueber-la-palma\/veranstaltungen\/","og_locale":"de_DE","og_type":"article","og_title":"Veranstaltungen - Balans Travel La Palma","og_description":"Was gibt es w\u00e4hrend Ihrem Urlaub auf La Palma zu tun? Schau bitte hier oder hier f\u00fcr die Events auf ...","og_url":"https:\/\/www.balans-lapalma.com\/de\/ueber-la-palma\/veranstaltungen\/","og_site_name":"Balans Travel La Palma","article_publisher":"https:\/\/www.facebook.com\/BalansLaPalma","article_modified_time":"2016-03-06T14:50:48+00:00","twitter_card":"summary_large_image","twitter_misc":{"Gesch\u00e4tzte Lesezeit":"1\u00a0Minute"},"schema":{"@context":"https:\/\/schema.org","@graph":[{"@type":"WebPage","@id":"https:\/\/www.balans-lapalma.com\/de\/ueber-la-palma\/veranstaltungen\/","url":"https:\/\/www.balans-lapalma.com\/de\/ueber-la-palma\/veranstaltungen\/","name":"Veranstaltungen - Balans Travel La Palma","isPartOf":{"@id":"https:\/\/www.balans-lapalma.com\/en\/#website"},"datePublished":"2016-03-06T14:37:44+00:00","dateModified":"2016-03-06T14:50:48+00:00","breadcrumb":{"@id":"https:\/\/www.balans-lapalma.com\/de\/ueber-la-palma\/veranstaltungen\/#breadcrumb"},"inLanguage":"de","potentialAction":[{"@type":"ReadAction","target":["https:\/\/www.balans-lapalma.com\/de\/ueber-la-palma\/veranstaltungen\/"]}]},{"@type":"BreadcrumbList","@id":"https:\/\/www.balans-lapalma.com\/de\/ueber-la-palma\/veranstaltungen\/#breadcrumb","itemListElement":[{"@type":"ListItem","position":1,"name":"Home","item":"https:\/\/www.balans-lapalma.com\/de\/"},{"@type":"ListItem","position":2,"name":"\u00dcber La Palma","item":"https:\/\/www.balans-lapalma.com\/de\/ueber-la-palma\/"},{"@type":"ListItem","position":3,"name":"Veranstaltungen"}]},{"@type":"WebSite","@id":"https:\/\/www.balans-lapalma.com\/en\/#website","url":"https:\/\/www.balans-lapalma.com\/en\/","name":"Balans Travel La Palma","description":"La Palma, Kanarische Inseln, Spanien","publisher":{"@id":"https:\/\/www.balans-lapalma.com\/en\/#organization"},"potentialAction":[{"@type":"SearchAction","target":{"@type":"EntryPoint","urlTemplate":"https:\/\/www.balans-lapalma.com\/en\/?s={search_term_string}"},"query-input":{"@type":"PropertyValueSpecification","valueRequired":true,"valueName":"search_term_string"}}],"inLanguage":"de"},{"@type":"Organization","@id":"https:\/\/www.balans-lapalma.com\/en\/#organization","name":"Balans Travel La Palma","url":"https:\/\/www.balans-lapalma.com\/en\/","logo":{"@type":"ImageObject","inLanguage":"de","@id":"https:\/\/www.balans-lapalma.com\/en\/#\/schema\/logo\/image\/","url":"https:\/\/www.balans-lapalma.com\/wp-content\/uploads\/2015\/12\/balans-basis_2x.png","contentUrl":"https:\/\/www.balans-lapalma.com\/wp-content\/uploads\/2015\/12\/balans-basis_2x.png","width":366,"height":80,"caption":"Balans Travel La Palma"},"image":{"@id":"https:\/\/www.balans-lapalma.com\/en\/#\/schema\/logo\/image\/"},"sameAs":["https:\/\/www.facebook.com\/BalansLaPalma","https:\/\/www.instagram.com\/balanstravellapalma\/"]}]}},"_links":{"self":[{"href":"https:\/\/www.balans-lapalma.com\/de\/wp-json\/wp\/v2\/pages\/6452","targetHints":{"allow":["GET"]}}],"collection":[{"href":"https:\/\/www.balans-lapalma.com\/de\/wp-json\/wp\/v2\/pages"}],"about":[{"href":"https:\/\/www.balans-lapalma.com\/de\/wp-json\/wp\/v2\/types\/page"}],"author":[{"embeddable":true,"href":"https:\/\/www.balans-lapalma.com\/de\/wp-json\/wp\/v2\/users\/1"}],"replies":[{"embeddable":true,"href":"https:\/\/www.balans-lapalma.com\/de\/wp-json\/wp\/v2\/comments?post=6452"}],"version-history":[{"count":0,"href":"https:\/\/www.balans-lapalma.com\/de\/wp-json\/wp\/v2\/pages\/6452\/revisions"}],"up":[{"embeddable":true,"href":"https:\/\/www.balans-lapalma.com\/de\/wp-json\/wp\/v2\/pages\/6428"}],"wp:attachment":[{"href":"https:\/\/www.balans-lapalma.com\/de\/wp-json\/wp\/v2\/media?parent=6452"}],"curies":[{"name":"wp","href":"https:\/\/api.w.org\/{rel}","templated":true}]}}