{"id":6428,"date":"2016-03-06T13:23:38","date_gmt":"2016-03-06T13:23:38","guid":{"rendered":"http:\/\/www.balans-lapalma.com\/de\/?page_id=6428"},"modified":"2017-10-10T13:25:42","modified_gmt":"2017-10-10T13:25:42","slug":"ueber-la-palma","status":"publish","type":"page","link":"https:\/\/www.balans-lapalma.com\/de\/ueber-la-palma\/","title":{"rendered":"\u00dcber La Palma"},"content":{"rendered":"<p><strong>&#8211; eine der sch\u00f6nsten Inseln der Welt?<\/strong><\/p>\n<p>Laut der UNESCO ja, denn von dort werden alle paar Jahre die sch\u00f6nsten Inseln der Welt ermittelt. La Palma ist regelm\u00e4\u00dfig unter den ersten 3 zu finden. In stolzer Begleitung von Hawaii und Bora Bora. Und darauf ist La Palma zu Recht stolz!<\/p>\n<p>Die im Verh\u00e4ltnis kleine Insel hat jede Menge &#8222;Gro\u00dfes&#8220; zu bieten:<\/p>\n<ul>\n<li>eine Breite von nur ca. 29 km und einer L\u00e4nge von ca. 48 km woraus der \u201eRoque de los Muchachos\u201c mit seinen \u00fcber 2400 m herausragt.<\/li>\n<li>eine Oberfl\u00e4che, die mit mehr als 40 % von Lorbeer- und Kiefernw\u00e4ldern bedeckt ist. Dank des ausreichenden Wasservorkommens gr\u00fcnt und bl\u00fcht La Isla Verde an jeder Ecke.<\/li>\n<li>Der Krater der Caldera de Taburiente ist der wahrscheinlich gr\u00f6\u00dfte Senkkrater der Welt mit einem Umfang von 28 km und \u00fcber 2000m hohen Seitenw\u00e4nden.<\/li>\n<\/ul>\n<p>&nbsp;<\/p>\n<p>&nbsp;<\/p>\n<p><strong>Mit diesem\u00a0<\/strong><strong><a href=\"http:\/\/www.la-palma-online.com\/veranstaltungen-events-la-palma\/\" target=\"_blank\" rel=\"noopener\">Veranstaltungskalender\u00a0<\/a><\/strong>oder diesem<strong> <a href=\"http:\/\/cartelesdelapalma.com\/\" target=\"_blank\" rel=\"noopener\">Veranstaltungskalender\u00a0<\/a><\/strong><strong>haben Sie alle aktuellen und kommenden Termine auf La Palma schnell und einfach im Blick.<\/strong><\/p>\n<p>&nbsp;<\/p>\n<p><strong>Hier ein Blog \u00fcber La Palma von Rainer Tietel:\u00a0<a href=\"http:\/\/goxlapalma.wordpress.com\/\" target=\"_blank\" rel=\"noopener\">Gox La Palma<\/a><\/strong><\/p>\n<p>&nbsp;<\/p>\n<p><strong>Eine kurze Beschreibung der Insel<\/strong><\/p>\n<p>&nbsp;<\/p>\n<p>La Palma ist die drittkleinste und zusammen mit El Hierro westlichste Insel der Kanaren. Ca. 85.000 Menschen wohnen auf der Insel, die gr\u00f6\u00dften Orte sind:<\/p>\n<ul>\n<li>Los Llanos, 20.000 Einwohner<\/li>\n<li>Santa Cruz de La Palma (Hauptstadt), 18.000 Einwohner<\/li>\n<li>El Paso, 7.500 Einwohner<\/li>\n<\/ul>\n<p>Die Insel bildet eine Art Mikrokosmos. Auf dieser kleinen Fl\u00e4che (726 km\u00b2) gibt es die verschiedensten Landschafts- und Vegetationsformen von 0 m H\u00f6he bis \u00fcber 2500 m:<\/p>\n<ul>\n<li>Caldera de Taburiente: Einsturzkrater mit Kiefernwald, 28 km. Umfang und 2000m hohen Seitenw\u00e4nde.<\/li>\n<li>Cumbre Vieja: Gebirgskette, gebildet durch mehrere Dutzend alte Vulkane.<\/li>\n<li>Lorbeerwald (Laurisilva): Von der UNESCO unter Schutz gestelltes. Waldgebiet.<\/li>\n<li>Vulkanlandschaft im S\u00fcden: Noch 1971 ausgebrochener Vulkan Teneguia.<\/li>\n<li>Barrancos: Tiefe Schluchten in den Gebirgen, die sich von der Inselmitte bis zur K\u00fcste ziehen.<\/li>\n<li>Hochgebirge: Rund um den Caldera-Kessel finden sich baumlose Gegenden bis 2500m<\/li>\n<li>K\u00fcstenlandschaft: Mit wenigen, dunklen Kiesbuchten. Viele Bananenplantagen bis direkt ans Meer.<\/li>\n<\/ul>\n<p>Eine typische Badeinsel ist La Palma nicht. Es gibt die M\u00f6glichkeit zu baden haupts\u00e4chlich im Westen in Puerto Naos, Charco Verde und Tazacorte, sowie im Osten, nahe der Hauptstadt Santa Cruz, in Los Cancajos. An der Nord- und Ostk\u00fcste sind zwei sch\u00f6ne, &#8222;nachgebesserte&#8220; Naturschwimmbecken vorhanden, die man kostenlos benutzen kann.<\/p>\n<p><strong>Flagge Signale am Strand<\/strong><\/p>\n<p>Gr\u00fcne Flagge bedeutet ruhiges Wasser, keine Str\u00f6mung oder Welle vorhanden. Schwimmen Baden und Schnorcheln am Strand ist ohne Gefahr.<\/p>\n<p>Gelbe Flagge bedeutet unruhiges Wasser, Str\u00f6mungen sind m\u00f6glich. Auch ge\u00fcbte Schwimmer sollten Vorsicht walten lassen.<\/p>\n<p>Rote Flagge bedeutet Gefahr. Baden und Schwimmen ist verboten. Ein Badeverbot ist nicht immer von Wellen und Str\u00f6mungen begr\u00fcndet. Auch ein erh\u00f6htes Risiko von Quallen am Strand ist m\u00f6glich.<\/p>\n<p><strong>\u00a0<\/strong><\/p>\n<p><strong>Webcam La Palma<\/strong><\/p>\n<p>&nbsp;<\/p>\n<p><a href=\"http:\/\/lapalmarentacar.de\/webcam\/fancy\" target=\"_blank\" rel=\"noopener\"><strong>Webcam\u00a0<\/strong><\/a>Fancy<\/p>\n<p><a href=\"https:\/\/www.balans-lapalma.com\/de\/ueber-la-palma\/webcam\/\" target=\"_blank\" rel=\"noopener\"><strong>Webcam\u00a0<\/strong><\/a>Cumbrecita.<\/p>\n<p><a href=\"http:\/\/lapalmarentacar.de\/webcam\/puerto_naos2\" target=\"_blank\" rel=\"noopener\"><strong>Webcam\u00a0<\/strong><\/a>Puerto Naos.<\/p>\n<p><a href=\"http:\/\/lapalmarentacar.de\/webcam\/puerto_tazacorte\" target=\"_blank\" rel=\"noopener\"><strong>Webcam\u00a0<\/strong><\/a>Tazacorte.<\/p>\n<p><a href=\"http:\/\/lapalmarentacar.de\/webcam\/puerto_tazacorte2\" target=\"_blank\" rel=\"noopener\"><strong>Webcam\u00a0<\/strong><\/a>Tazacorte.<\/p>\n<p><a href=\"http:\/\/www.magic.iac.es\/webcams\/webcam\/\" target=\"_blank\" rel=\"noopener\"><strong>Webcam\u00a0<\/strong><\/a>Roque de los Muchachos.<\/p>\n<p><a href=\"http:\/\/escubic.eu\/cam\/\" target=\"_blank\" rel=\"noopener\"><strong>Webcam\u00a0<\/strong><\/a>Puntagorda.<\/p>\n<p>&nbsp;<\/p>\n<p><strong>\u00a0<\/strong><\/p>\n<p><strong>Feiertage<\/strong><\/p>\n<p>&nbsp;<\/p>\n<p>01-01\u00a0\u00a0\u00a0\u00a0\u00a0\u00a0\u00a0\u00a0\u00a0\u00a0\u00a0\u00a0\u00a0\u00a0Neujahrstag<\/p>\n<p>06-01\u00a0\u00a0\u00a0\u00a0\u00a0\u00a0\u00a0\u00a0\u00a0\u00a0\u00a0\u00a0\u00a0\u00a0Dreik\u00f6nigstag<\/p>\n<p>22-04\u00a0\u00a0\u00a0\u00a0\u00a0\u00a0\u00a0\u00a0\u00a0\u00a0\u00a0\u00a0\u00a0\u00a0Karfreitag<\/p>\n<p>24-04\u00a0\u00a0\u00a0\u00a0\u00a0\u00a0\u00a0\u00a0\u00a0\u00a0\u00a0\u00a0\u00a0\u00a0Ostersonntag<\/p>\n<p>01-05\u00a0\u00a0\u00a0\u00a0\u00a0\u00a0\u00a0\u00a0\u00a0\u00a0\u00a0\u00a0\u00a0\u00a0Tag der Arbeit<\/p>\n<p>30-05\u00a0\u00a0\u00a0\u00a0\u00a0\u00a0\u00a0\u00a0\u00a0\u00a0\u00a0\u00a0\u00a0 D\u00eda de Canarias<\/p>\n<p>25-07 \u00a0 \u00a0 \u00a0 \u00a0 \u00a0 \u00a0\u00a0 Santiago<\/p>\n<p>15-08 \u00a0 \u00a0\u00a0\u00a0\u00a0\u00a0\u00a0\u00a0\u00a0\u00a0\u00a0 Maria Himmelfahrt<\/p>\n<p>12-10\u00a0\u00a0\u00a0\u00a0\u00a0\u00a0\u00a0\u00a0\u00a0\u00a0\u00a0\u00a0\u00a0 Gedenken an die Entdeckung Amerikas<\/p>\n<p>01-11\u00a0\u00a0\u00a0\u00a0\u00a0\u00a0\u00a0\u00a0\u00a0\u00a0\u00a0\u00a0\u00a0 Allerheiligen<\/p>\n<p>06-12\u00a0\u00a0\u00a0\u00a0\u00a0\u00a0\u00a0\u00a0\u00a0\u00a0\u00a0\u00a0\u00a0 Tag der Verfassung<\/p>\n<p>08-12\u00a0\u00a0\u00a0\u00a0\u00a0\u00a0\u00a0\u00a0\u00a0\u00a0\u00a0\u00a0\u00a0 Maria Empf\u00e4ngnis<\/p>\n<p>25-12\u00a0\u00a0\u00a0\u00a0\u00a0\u00a0\u00a0\u00a0\u00a0\u00a0\u00a0\u00a0\u00a0 Weihnachten<\/p>\n<p>&nbsp;<\/p>\n<p>Variable\u00a0Feiertagen\u00a0(national):<br \/>\nKarneval (Februar \/ M\u00e4rz) &#8211; Party des Jahres und dauert die ganze Woche<br \/>\nOsterprozessionen (M\u00e4rz \/ April)<br \/>\nGr\u00fcndonnerstag, Karfreitag und Ostern (M\u00e4rz \/ April)<br \/>\nPfingsten (Mai \/ Juni)<\/p>\n<p><strong>\u00a0<\/strong><\/p>\n<p><strong>\u00a0<\/strong><\/p>\n<p><strong>Klima<\/strong><\/p>\n<p>&nbsp;<\/p>\n<p>Die H\u00f6chsttemperaturen an der K\u00fcste liegen im Winter bei 21-22\u00b0, im Sommer bei ca. 25-26\u00b0. Je h\u00f6her ein Ort liegt, desto k\u00fchler wird es nat\u00fcrlich. Regen f\u00e4llt selten, wenn \u00fcberhaupt dann haupts\u00e4chlich an der Ostseite. Es kann passieren, dass es an der Ostseite bew\u00f6lkt ist und regnet, derweil an der anderen Seite die Sonne strahlt. An irgendeiner Stelle der Insel herrscht fast immer Sonnenschein.<\/p>\n<table width=\"425\">\n<tbody>\n<tr>\n<td width=\"64\">Monat<\/td>\n<td width=\"64\"><\/td>\n<td width=\"41\">Tag<\/td>\n<td width=\"64\">Nacht<\/td>\n<td width=\"64\">*<\/td>\n<td width=\"64\">**<\/td>\n<td width=\"64\">Wasser<\/td>\n<\/tr>\n<tr>\n<td>Januar<\/td>\n<td><\/td>\n<td>18<\/td>\n<td>14<\/td>\n<td>5<\/td>\n<td>14<\/td>\n<td>17<\/td>\n<\/tr>\n<tr>\n<td>Februar<\/td>\n<td><\/td>\n<td>18<\/td>\n<td>14<\/td>\n<td>5<\/td>\n<td>12<\/td>\n<td>17<\/td>\n<\/tr>\n<tr>\n<td>M\u00e4rz<\/td>\n<td><\/td>\n<td>19<\/td>\n<td>15<\/td>\n<td>6<\/td>\n<td>8<\/td>\n<td>17<\/td>\n<\/tr>\n<tr>\n<td>April<\/td>\n<td><\/td>\n<td>21<\/td>\n<td>16<\/td>\n<td>6<\/td>\n<td>6<\/td>\n<td>18<\/td>\n<\/tr>\n<tr>\n<td>Mai<\/td>\n<td><\/td>\n<td>23<\/td>\n<td>17<\/td>\n<td>7<\/td>\n<td>3<\/td>\n<td>18<\/td>\n<\/tr>\n<tr>\n<td>Juni<\/td>\n<td><\/td>\n<td>24<\/td>\n<td>18<\/td>\n<td>8<\/td>\n<td>2<\/td>\n<td>19<\/td>\n<\/tr>\n<tr>\n<td>Juli<\/td>\n<td><\/td>\n<td>25<\/td>\n<td>19<\/td>\n<td>8<\/td>\n<td>2<\/td>\n<td>20<\/td>\n<\/tr>\n<tr>\n<td>August<\/td>\n<td><\/td>\n<td>26<\/td>\n<td>20<\/td>\n<td>8<\/td>\n<td>3<\/td>\n<td>21<\/td>\n<\/tr>\n<tr>\n<td colspan=\"2\">September<\/td>\n<td>26<\/td>\n<td>20<\/td>\n<td>8<\/td>\n<td>5<\/td>\n<td>22<\/td>\n<\/tr>\n<tr>\n<td>Oktober<\/td>\n<td><\/td>\n<td>24<\/td>\n<td>19<\/td>\n<td>7<\/td>\n<td>9<\/td>\n<td>22<\/td>\n<\/tr>\n<tr>\n<td colspan=\"2\">November<\/td>\n<td>22<\/td>\n<td>17<\/td>\n<td>6<\/td>\n<td>14<\/td>\n<td>21<\/td>\n<\/tr>\n<tr>\n<td colspan=\"2\">Dezember<\/td>\n<td>20<\/td>\n<td>16<\/td>\n<td>5<\/td>\n<td>15<\/td>\n<td>19<\/td>\n<\/tr>\n<\/tbody>\n<\/table>\n<p>&nbsp;<\/p>\n<p>* Sonnestunde<\/p>\n<p>**Regentagen<\/p>\n<p>&nbsp;<\/p>\n<p><a href=\"http:\/\/www.wetteronline.de\/Spanien\/LaPalma.htm\" target=\"_blank\" rel=\"noopener\"><strong>Aktuelles Wetter auf La Palma.<\/strong><\/a><\/p>\n<p><strong>\u00a0<\/strong><\/p>\n<p><strong>Telefonnummer<\/strong><\/p>\n<p>&nbsp;<\/p>\n<p>&nbsp;<\/p>\n<p>Alarm (international):\u00a0<strong>112<\/strong><\/p>\n<p>&nbsp;<\/p>\n<p>Deutsche Arzt:<\/p>\n<p>Alexander Prondzynski:\u00a0(0034) 922 49 72 87 oder\u00a0(0034) 678 87 93 34<\/p>\n<p>Dr. Voss:\u00a0(0034) 922 48 60 28<\/p>\n<p>&nbsp;<\/p>\n<p>Flughafen La Palma:\u00a0(0034) 922 42 61 00<\/p>\n<p>&nbsp;<\/p>\n<p>Taxi Los Llanos:\u00a0(0034) 922 46 27 40<\/p>\n<p>Taxi Tazacorte:\u00a0(0034) 922 48 06 52<\/p>\n<p>Taxi English:\u00a0(0034) 628 676 110<\/p>\n<p>&nbsp;<\/p>\n<p>Die Landesvorwahl von La Palma ist 0034, also wenn Sie vom Heimatfront aufgerufen werden m\u00f6chten, sollen die erst die 0034 w\u00e4hlen.<br \/>\nM\u00f6chten Sie nach Hause anrufen, dann sind die Vorwahlen:<\/p>\n<p>0031 Niederlande<br \/>\n0032 Belgien<br \/>\n0033 Frankreich<br \/>\n0043 \u00d6sterreich<br \/>\n0044 UK<br \/>\n0049 Deutschland<\/p>\n","protected":false},"excerpt":{"rendered":"<p>&#8211; eine der sch\u00f6nsten Inseln der Welt? Laut der UNESCO ja, denn von dort werden alle paar Jahre die sch\u00f6nsten &#8230;<\/p>\n","protected":false},"author":1,"featured_media":0,"parent":0,"menu_order":0,"comment_status":"closed","ping_status":"closed","template":"","meta":{"footnotes":""},"class_list":["post-6428","page","type-page","status-publish","hentry"],"yoast_head":"<!-- This site is optimized with the Yoast SEO plugin v27.0 - https:\/\/yoast.com\/product\/yoast-seo-wordpress\/ -->\n<title>\u00dcber La Palma - Balans Travel La Palma<\/title>\n<meta name=\"robots\" content=\"index, follow, max-snippet:-1, max-image-preview:large, max-video-preview:-1\" \/>\n<link rel=\"canonical\" href=\"https:\/\/www.balans-lapalma.com\/de\/ueber-la-palma\/\" \/>\n<meta property=\"og:locale\" content=\"de_DE\" \/>\n<meta property=\"og:type\" content=\"article\" \/>\n<meta property=\"og:title\" content=\"\u00dcber La Palma - Balans Travel La Palma\" \/>\n<meta property=\"og:description\" content=\"&#8211; eine der sch\u00f6nsten Inseln der Welt? Laut der UNESCO ja, denn von dort werden alle paar Jahre die sch\u00f6nsten ...\" \/>\n<meta property=\"og:url\" content=\"https:\/\/www.balans-lapalma.com\/de\/ueber-la-palma\/\" \/>\n<meta property=\"og:site_name\" content=\"Balans Travel La Palma\" \/>\n<meta property=\"article:publisher\" content=\"https:\/\/www.facebook.com\/BalansLaPalma\" \/>\n<meta property=\"article:modified_time\" content=\"2017-10-10T13:25:42+00:00\" \/>\n<meta name=\"twitter:card\" content=\"summary_large_image\" \/>\n<meta name=\"twitter:label1\" content=\"Gesch\u00e4tzte Lesezeit\" \/>\n\t<meta name=\"twitter:data1\" content=\"4\u00a0Minuten\" \/>\n<script type=\"application\/ld+json\" class=\"yoast-schema-graph\">{\"@context\":\"https:\/\/schema.org\",\"@graph\":[{\"@type\":\"WebPage\",\"@id\":\"https:\/\/www.balans-lapalma.com\/de\/ueber-la-palma\/\",\"url\":\"https:\/\/www.balans-lapalma.com\/de\/ueber-la-palma\/\",\"name\":\"\u00dcber La Palma - Balans Travel La Palma\",\"isPartOf\":{\"@id\":\"https:\/\/www.balans-lapalma.com\/en\/#website\"},\"datePublished\":\"2016-03-06T13:23:38+00:00\",\"dateModified\":\"2017-10-10T13:25:42+00:00\",\"breadcrumb\":{\"@id\":\"https:\/\/www.balans-lapalma.com\/de\/ueber-la-palma\/#breadcrumb\"},\"inLanguage\":\"de\",\"potentialAction\":[{\"@type\":\"ReadAction\",\"target\":[\"https:\/\/www.balans-lapalma.com\/de\/ueber-la-palma\/\"]}]},{\"@type\":\"BreadcrumbList\",\"@id\":\"https:\/\/www.balans-lapalma.com\/de\/ueber-la-palma\/#breadcrumb\",\"itemListElement\":[{\"@type\":\"ListItem\",\"position\":1,\"name\":\"Home\",\"item\":\"https:\/\/www.balans-lapalma.com\/de\/\"},{\"@type\":\"ListItem\",\"position\":2,\"name\":\"\u00dcber La Palma\"}]},{\"@type\":\"WebSite\",\"@id\":\"https:\/\/www.balans-lapalma.com\/en\/#website\",\"url\":\"https:\/\/www.balans-lapalma.com\/en\/\",\"name\":\"Balans Travel La Palma\",\"description\":\"La Palma, Kanarische Inseln, Spanien\",\"publisher\":{\"@id\":\"https:\/\/www.balans-lapalma.com\/en\/#organization\"},\"potentialAction\":[{\"@type\":\"SearchAction\",\"target\":{\"@type\":\"EntryPoint\",\"urlTemplate\":\"https:\/\/www.balans-lapalma.com\/en\/?s={search_term_string}\"},\"query-input\":{\"@type\":\"PropertyValueSpecification\",\"valueRequired\":true,\"valueName\":\"search_term_string\"}}],\"inLanguage\":\"de\"},{\"@type\":\"Organization\",\"@id\":\"https:\/\/www.balans-lapalma.com\/en\/#organization\",\"name\":\"Balans Travel La Palma\",\"url\":\"https:\/\/www.balans-lapalma.com\/en\/\",\"logo\":{\"@type\":\"ImageObject\",\"inLanguage\":\"de\",\"@id\":\"https:\/\/www.balans-lapalma.com\/en\/#\/schema\/logo\/image\/\",\"url\":\"https:\/\/www.balans-lapalma.com\/wp-content\/uploads\/2015\/12\/balans-basis_2x.png\",\"contentUrl\":\"https:\/\/www.balans-lapalma.com\/wp-content\/uploads\/2015\/12\/balans-basis_2x.png\",\"width\":366,\"height\":80,\"caption\":\"Balans Travel La Palma\"},\"image\":{\"@id\":\"https:\/\/www.balans-lapalma.com\/en\/#\/schema\/logo\/image\/\"},\"sameAs\":[\"https:\/\/www.facebook.com\/BalansLaPalma\",\"https:\/\/www.instagram.com\/balanstravellapalma\/\"]}]}<\/script>\n<!-- \/ Yoast SEO plugin. -->","yoast_head_json":{"title":"\u00dcber La Palma - Balans Travel La Palma","robots":{"index":"index","follow":"follow","max-snippet":"max-snippet:-1","max-image-preview":"max-image-preview:large","max-video-preview":"max-video-preview:-1"},"canonical":"https:\/\/www.balans-lapalma.com\/de\/ueber-la-palma\/","og_locale":"de_DE","og_type":"article","og_title":"\u00dcber La Palma - Balans Travel La Palma","og_description":"&#8211; eine der sch\u00f6nsten Inseln der Welt? Laut der UNESCO ja, denn von dort werden alle paar Jahre die sch\u00f6nsten ...","og_url":"https:\/\/www.balans-lapalma.com\/de\/ueber-la-palma\/","og_site_name":"Balans Travel La Palma","article_publisher":"https:\/\/www.facebook.com\/BalansLaPalma","article_modified_time":"2017-10-10T13:25:42+00:00","twitter_card":"summary_large_image","twitter_misc":{"Gesch\u00e4tzte Lesezeit":"4\u00a0Minuten"},"schema":{"@context":"https:\/\/schema.org","@graph":[{"@type":"WebPage","@id":"https:\/\/www.balans-lapalma.com\/de\/ueber-la-palma\/","url":"https:\/\/www.balans-lapalma.com\/de\/ueber-la-palma\/","name":"\u00dcber La Palma - Balans Travel La Palma","isPartOf":{"@id":"https:\/\/www.balans-lapalma.com\/en\/#website"},"datePublished":"2016-03-06T13:23:38+00:00","dateModified":"2017-10-10T13:25:42+00:00","breadcrumb":{"@id":"https:\/\/www.balans-lapalma.com\/de\/ueber-la-palma\/#breadcrumb"},"inLanguage":"de","potentialAction":[{"@type":"ReadAction","target":["https:\/\/www.balans-lapalma.com\/de\/ueber-la-palma\/"]}]},{"@type":"BreadcrumbList","@id":"https:\/\/www.balans-lapalma.com\/de\/ueber-la-palma\/#breadcrumb","itemListElement":[{"@type":"ListItem","position":1,"name":"Home","item":"https:\/\/www.balans-lapalma.com\/de\/"},{"@type":"ListItem","position":2,"name":"\u00dcber La Palma"}]},{"@type":"WebSite","@id":"https:\/\/www.balans-lapalma.com\/en\/#website","url":"https:\/\/www.balans-lapalma.com\/en\/","name":"Balans Travel La Palma","description":"La Palma, Kanarische Inseln, Spanien","publisher":{"@id":"https:\/\/www.balans-lapalma.com\/en\/#organization"},"potentialAction":[{"@type":"SearchAction","target":{"@type":"EntryPoint","urlTemplate":"https:\/\/www.balans-lapalma.com\/en\/?s={search_term_string}"},"query-input":{"@type":"PropertyValueSpecification","valueRequired":true,"valueName":"search_term_string"}}],"inLanguage":"de"},{"@type":"Organization","@id":"https:\/\/www.balans-lapalma.com\/en\/#organization","name":"Balans Travel La Palma","url":"https:\/\/www.balans-lapalma.com\/en\/","logo":{"@type":"ImageObject","inLanguage":"de","@id":"https:\/\/www.balans-lapalma.com\/en\/#\/schema\/logo\/image\/","url":"https:\/\/www.balans-lapalma.com\/wp-content\/uploads\/2015\/12\/balans-basis_2x.png","contentUrl":"https:\/\/www.balans-lapalma.com\/wp-content\/uploads\/2015\/12\/balans-basis_2x.png","width":366,"height":80,"caption":"Balans Travel La Palma"},"image":{"@id":"https:\/\/www.balans-lapalma.com\/en\/#\/schema\/logo\/image\/"},"sameAs":["https:\/\/www.facebook.com\/BalansLaPalma","https:\/\/www.instagram.com\/balanstravellapalma\/"]}]}},"_links":{"self":[{"href":"https:\/\/www.balans-lapalma.com\/de\/wp-json\/wp\/v2\/pages\/6428","targetHints":{"allow":["GET"]}}],"collection":[{"href":"https:\/\/www.balans-lapalma.com\/de\/wp-json\/wp\/v2\/pages"}],"about":[{"href":"https:\/\/www.balans-lapalma.com\/de\/wp-json\/wp\/v2\/types\/page"}],"author":[{"embeddable":true,"href":"https:\/\/www.balans-lapalma.com\/de\/wp-json\/wp\/v2\/users\/1"}],"replies":[{"embeddable":true,"href":"https:\/\/www.balans-lapalma.com\/de\/wp-json\/wp\/v2\/comments?post=6428"}],"version-history":[{"count":0,"href":"https:\/\/www.balans-lapalma.com\/de\/wp-json\/wp\/v2\/pages\/6428\/revisions"}],"wp:attachment":[{"href":"https:\/\/www.balans-lapalma.com\/de\/wp-json\/wp\/v2\/media?parent=6428"}],"curies":[{"name":"wp","href":"https:\/\/api.w.org\/{rel}","templated":true}]}}