{"id":6398,"date":"2016-03-06T12:33:08","date_gmt":"2016-03-06T12:33:08","guid":{"rendered":"http:\/\/www.balans-lapalma.com\/de\/?page_id=6398"},"modified":"2024-10-04T11:43:12","modified_gmt":"2024-10-04T11:43:12","slug":"fluege","status":"publish","type":"page","link":"https:\/\/www.balans-lapalma.com\/de\/balans-travel-la-palma\/fluege\/","title":{"rendered":"Fl\u00fcge"},"content":{"rendered":"<h3 style=\"text-align: center;\"><span style=\"color: #33cccc;\"><strong>Da sich die Flugpl\u00e4ne der Fluggesellschaften t\u00e4glich \u00e4ndern, empfehlen wir Ihnen, sich direkt bei den jeweiligen Fluggesellschaften zu erkundigen:<\/strong><\/span><\/h3>\n<p>&nbsp;<\/p>\n<h3><span style=\"color: #d639db;\"><a style=\"color: #d639db;\" href=\"https:\/\/www.condor.com\/eu\/index.jsp\" target=\"_blank\" rel=\"noopener noreferrer\">Condor<\/a><\/span><\/h3>\n<h3><span style=\"color: #d639db;\"><a style=\"color: #d639db;\" href=\"https:\/\/www.lufthansa.com\/cl\/en\/homepage\" target=\"_blank\" rel=\"noopener noreferrer\">Lufthansa<\/a><\/span><\/h3>\n<h3><span style=\"color: #ff00ff;\"><strong><a style=\"color: #ff00ff;\" href=\"https:\/\/www.transavia.com\/home\/en-eu\" target=\"_blank\" rel=\"noopener\">Transavia<\/a><\/strong><\/span><\/h3>\n<h3><span style=\"color: #d639db;\"><a style=\"color: #d639db;\" href=\"http:\/\/www.iberia.com\/?language=en\" target=\"_blank\" rel=\"noopener noreferrer\">Iberia<\/a>\u00a0 \u00a0 \u00a0 \u00a0 \u00a0 \u00a0 \u00a0 \u00a0 \u00a0<\/span><\/h3>\n<h3><span style=\"color: #d639db;\"><a style=\"color: #d639db;\" title=\"\" href=\"https:\/\/www.tui.co.uk\/\" target=\"_blank\" rel=\"noopener noreferrer\">Tui Fly\/ Jetair<\/a>\u00a0 <\/span><\/h3>\n<h3><span style=\"color: #d639db;\"><a style=\"color: #d639db;\" title=\"\" href=\"https:\/\/www.flyedelweiss.com\/EN\/Pages\/home.aspx\" target=\"_blank\" rel=\"noopener noreferrer\">Edelweis<\/a><\/span><\/h3>\n<h3><span style=\"color: #cc99ff;\"><span style=\"color: #d639db;\"><a style=\"color: #d639db;\" href=\"http:\/\/www.easyjet.com\/de\" target=\"_blank\" rel=\"noopener noreferrer\">Easy Jet <\/a>\u00a0 \u00a0<\/span> \u00a0<\/span><\/h3>\n<p>&nbsp;<\/p>\n<p>&nbsp;<\/p>\n<table width=\"457\">\n<tbody>\n<tr>\n<td colspan=\"4\">Flughafen S\/C de La Palma: (0034) 922 63 56 43<\/td>\n<td><\/td>\n<\/tr>\n<tr>\n<td colspan=\"3\">Irrtum und \u00c4nderungen sind vorbehalten.<\/td>\n<td><\/td>\n<td><\/td>\n<\/tr>\n<tr>\n<td colspan=\"4\">Die Flugzeiten und Preise k\u00f6nnen sich t\u00e4glich \u00e4ndern.<\/td>\n<td><\/td>\n<\/tr>\n<tr>\n<td colspan=\"4\">Die Liste erhebt keinen Anspruch auf Vollst\u00e4ndigkeit.<\/td>\n<\/tr>\n<\/tbody>\n<\/table>\n","protected":false},"excerpt":{"rendered":"<p>Da sich die Flugpl\u00e4ne der Fluggesellschaften t\u00e4glich \u00e4ndern, empfehlen wir Ihnen, sich direkt bei den jeweiligen Fluggesellschaften zu erkundigen: &nbsp; &#8230;<\/p>\n","protected":false},"author":1,"featured_media":0,"parent":6374,"menu_order":0,"comment_status":"closed","ping_status":"closed","template":"","meta":{"footnotes":""},"class_list":["post-6398","page","type-page","status-publish","hentry"],"yoast_head":"<!-- This site is optimized with the Yoast SEO plugin v27.0 - https:\/\/yoast.com\/product\/yoast-seo-wordpress\/ -->\n<title>Fl\u00fcge - Balans Travel La Palma<\/title>\n<meta name=\"robots\" content=\"index, follow, max-snippet:-1, max-image-preview:large, max-video-preview:-1\" \/>\n<link rel=\"canonical\" href=\"https:\/\/www.balans-lapalma.com\/de\/balans-travel-la-palma\/fluege\/\" \/>\n<meta property=\"og:locale\" content=\"de_DE\" \/>\n<meta property=\"og:type\" content=\"article\" \/>\n<meta property=\"og:title\" content=\"Fl\u00fcge - Balans Travel La Palma\" \/>\n<meta property=\"og:description\" content=\"Da sich die Flugpl\u00e4ne der Fluggesellschaften t\u00e4glich \u00e4ndern, empfehlen wir Ihnen, sich direkt bei den jeweiligen Fluggesellschaften zu erkundigen: &nbsp; ...\" \/>\n<meta property=\"og:url\" content=\"https:\/\/www.balans-lapalma.com\/de\/balans-travel-la-palma\/fluege\/\" \/>\n<meta property=\"og:site_name\" content=\"Balans Travel La Palma\" \/>\n<meta property=\"article:publisher\" content=\"https:\/\/www.facebook.com\/BalansLaPalma\" \/>\n<meta property=\"article:modified_time\" content=\"2024-10-04T11:43:12+00:00\" \/>\n<meta name=\"twitter:card\" content=\"summary_large_image\" \/>\n<meta name=\"twitter:label1\" content=\"Gesch\u00e4tzte Lesezeit\" \/>\n\t<meta name=\"twitter:data1\" content=\"1\u00a0Minute\" \/>\n<script type=\"application\/ld+json\" class=\"yoast-schema-graph\">{\"@context\":\"https:\/\/schema.org\",\"@graph\":[{\"@type\":\"WebPage\",\"@id\":\"https:\/\/www.balans-lapalma.com\/de\/balans-travel-la-palma\/fluege\/\",\"url\":\"https:\/\/www.balans-lapalma.com\/de\/balans-travel-la-palma\/fluege\/\",\"name\":\"Fl\u00fcge - Balans Travel La Palma\",\"isPartOf\":{\"@id\":\"https:\/\/www.balans-lapalma.com\/en\/#website\"},\"datePublished\":\"2016-03-06T12:33:08+00:00\",\"dateModified\":\"2024-10-04T11:43:12+00:00\",\"breadcrumb\":{\"@id\":\"https:\/\/www.balans-lapalma.com\/de\/balans-travel-la-palma\/fluege\/#breadcrumb\"},\"inLanguage\":\"de\",\"potentialAction\":[{\"@type\":\"ReadAction\",\"target\":[\"https:\/\/www.balans-lapalma.com\/de\/balans-travel-la-palma\/fluege\/\"]}]},{\"@type\":\"BreadcrumbList\",\"@id\":\"https:\/\/www.balans-lapalma.com\/de\/balans-travel-la-palma\/fluege\/#breadcrumb\",\"itemListElement\":[{\"@type\":\"ListItem\",\"position\":1,\"name\":\"Home\",\"item\":\"https:\/\/www.balans-lapalma.com\/de\/\"},{\"@type\":\"ListItem\",\"position\":2,\"name\":\"Balans Travel La Palma\",\"item\":\"https:\/\/www.balans-lapalma.com\/de\/balans-travel-la-palma\/\"},{\"@type\":\"ListItem\",\"position\":3,\"name\":\"Fl\u00fcge\"}]},{\"@type\":\"WebSite\",\"@id\":\"https:\/\/www.balans-lapalma.com\/en\/#website\",\"url\":\"https:\/\/www.balans-lapalma.com\/en\/\",\"name\":\"Balans Travel La Palma\",\"description\":\"La Palma, Kanarische Inseln, Spanien\",\"publisher\":{\"@id\":\"https:\/\/www.balans-lapalma.com\/en\/#organization\"},\"potentialAction\":[{\"@type\":\"SearchAction\",\"target\":{\"@type\":\"EntryPoint\",\"urlTemplate\":\"https:\/\/www.balans-lapalma.com\/en\/?s={search_term_string}\"},\"query-input\":{\"@type\":\"PropertyValueSpecification\",\"valueRequired\":true,\"valueName\":\"search_term_string\"}}],\"inLanguage\":\"de\"},{\"@type\":\"Organization\",\"@id\":\"https:\/\/www.balans-lapalma.com\/en\/#organization\",\"name\":\"Balans Travel La Palma\",\"url\":\"https:\/\/www.balans-lapalma.com\/en\/\",\"logo\":{\"@type\":\"ImageObject\",\"inLanguage\":\"de\",\"@id\":\"https:\/\/www.balans-lapalma.com\/en\/#\/schema\/logo\/image\/\",\"url\":\"https:\/\/www.balans-lapalma.com\/wp-content\/uploads\/2015\/12\/balans-basis_2x.png\",\"contentUrl\":\"https:\/\/www.balans-lapalma.com\/wp-content\/uploads\/2015\/12\/balans-basis_2x.png\",\"width\":366,\"height\":80,\"caption\":\"Balans Travel La Palma\"},\"image\":{\"@id\":\"https:\/\/www.balans-lapalma.com\/en\/#\/schema\/logo\/image\/\"},\"sameAs\":[\"https:\/\/www.facebook.com\/BalansLaPalma\",\"https:\/\/www.instagram.com\/balanstravellapalma\/\"]}]}<\/script>\n<!-- \/ Yoast SEO plugin. -->","yoast_head_json":{"title":"Fl\u00fcge - Balans Travel La Palma","robots":{"index":"index","follow":"follow","max-snippet":"max-snippet:-1","max-image-preview":"max-image-preview:large","max-video-preview":"max-video-preview:-1"},"canonical":"https:\/\/www.balans-lapalma.com\/de\/balans-travel-la-palma\/fluege\/","og_locale":"de_DE","og_type":"article","og_title":"Fl\u00fcge - Balans Travel La Palma","og_description":"Da sich die Flugpl\u00e4ne der Fluggesellschaften t\u00e4glich \u00e4ndern, empfehlen wir Ihnen, sich direkt bei den jeweiligen Fluggesellschaften zu erkundigen: &nbsp; ...","og_url":"https:\/\/www.balans-lapalma.com\/de\/balans-travel-la-palma\/fluege\/","og_site_name":"Balans Travel La Palma","article_publisher":"https:\/\/www.facebook.com\/BalansLaPalma","article_modified_time":"2024-10-04T11:43:12+00:00","twitter_card":"summary_large_image","twitter_misc":{"Gesch\u00e4tzte Lesezeit":"1\u00a0Minute"},"schema":{"@context":"https:\/\/schema.org","@graph":[{"@type":"WebPage","@id":"https:\/\/www.balans-lapalma.com\/de\/balans-travel-la-palma\/fluege\/","url":"https:\/\/www.balans-lapalma.com\/de\/balans-travel-la-palma\/fluege\/","name":"Fl\u00fcge - Balans Travel La Palma","isPartOf":{"@id":"https:\/\/www.balans-lapalma.com\/en\/#website"},"datePublished":"2016-03-06T12:33:08+00:00","dateModified":"2024-10-04T11:43:12+00:00","breadcrumb":{"@id":"https:\/\/www.balans-lapalma.com\/de\/balans-travel-la-palma\/fluege\/#breadcrumb"},"inLanguage":"de","potentialAction":[{"@type":"ReadAction","target":["https:\/\/www.balans-lapalma.com\/de\/balans-travel-la-palma\/fluege\/"]}]},{"@type":"BreadcrumbList","@id":"https:\/\/www.balans-lapalma.com\/de\/balans-travel-la-palma\/fluege\/#breadcrumb","itemListElement":[{"@type":"ListItem","position":1,"name":"Home","item":"https:\/\/www.balans-lapalma.com\/de\/"},{"@type":"ListItem","position":2,"name":"Balans Travel La Palma","item":"https:\/\/www.balans-lapalma.com\/de\/balans-travel-la-palma\/"},{"@type":"ListItem","position":3,"name":"Fl\u00fcge"}]},{"@type":"WebSite","@id":"https:\/\/www.balans-lapalma.com\/en\/#website","url":"https:\/\/www.balans-lapalma.com\/en\/","name":"Balans Travel La Palma","description":"La Palma, Kanarische Inseln, Spanien","publisher":{"@id":"https:\/\/www.balans-lapalma.com\/en\/#organization"},"potentialAction":[{"@type":"SearchAction","target":{"@type":"EntryPoint","urlTemplate":"https:\/\/www.balans-lapalma.com\/en\/?s={search_term_string}"},"query-input":{"@type":"PropertyValueSpecification","valueRequired":true,"valueName":"search_term_string"}}],"inLanguage":"de"},{"@type":"Organization","@id":"https:\/\/www.balans-lapalma.com\/en\/#organization","name":"Balans Travel La Palma","url":"https:\/\/www.balans-lapalma.com\/en\/","logo":{"@type":"ImageObject","inLanguage":"de","@id":"https:\/\/www.balans-lapalma.com\/en\/#\/schema\/logo\/image\/","url":"https:\/\/www.balans-lapalma.com\/wp-content\/uploads\/2015\/12\/balans-basis_2x.png","contentUrl":"https:\/\/www.balans-lapalma.com\/wp-content\/uploads\/2015\/12\/balans-basis_2x.png","width":366,"height":80,"caption":"Balans Travel La Palma"},"image":{"@id":"https:\/\/www.balans-lapalma.com\/en\/#\/schema\/logo\/image\/"},"sameAs":["https:\/\/www.facebook.com\/BalansLaPalma","https:\/\/www.instagram.com\/balanstravellapalma\/"]}]}},"_links":{"self":[{"href":"https:\/\/www.balans-lapalma.com\/de\/wp-json\/wp\/v2\/pages\/6398","targetHints":{"allow":["GET"]}}],"collection":[{"href":"https:\/\/www.balans-lapalma.com\/de\/wp-json\/wp\/v2\/pages"}],"about":[{"href":"https:\/\/www.balans-lapalma.com\/de\/wp-json\/wp\/v2\/types\/page"}],"author":[{"embeddable":true,"href":"https:\/\/www.balans-lapalma.com\/de\/wp-json\/wp\/v2\/users\/1"}],"replies":[{"embeddable":true,"href":"https:\/\/www.balans-lapalma.com\/de\/wp-json\/wp\/v2\/comments?post=6398"}],"version-history":[{"count":0,"href":"https:\/\/www.balans-lapalma.com\/de\/wp-json\/wp\/v2\/pages\/6398\/revisions"}],"up":[{"embeddable":true,"href":"https:\/\/www.balans-lapalma.com\/de\/wp-json\/wp\/v2\/pages\/6374"}],"wp:attachment":[{"href":"https:\/\/www.balans-lapalma.com\/de\/wp-json\/wp\/v2\/media?parent=6398"}],"curies":[{"name":"wp","href":"https:\/\/api.w.org\/{rel}","templated":true}]}}